{"id":11,"date":"2021-07-29T10:50:22","date_gmt":"2021-07-29T10:50:22","guid":{"rendered":"http:\/\/localhost\/preventionpharmaks242\/?page_id=11"},"modified":"2024-03-29T16:58:58","modified_gmt":"2024-03-29T21:58:58","slug":"pharmacy-services","status":"publish","type":"page","link":"https:\/\/www.preventionpharmacy.com\/es_ES\/pharmacy-services","title":{"rendered":"Servicios"},"content":{"rendered":"<span class=\"rt-reading-time\" style=\"display: block;\"><span class=\"rt-label rt-prefix\">Reading Time: <\/span> <span class=\"rt-time\">&lt; 1<\/span> <span class=\"rt-label rt-postfix\">minute<\/span><\/span><p>Nuestro principal objetivo es no solo avanzar en el cuidado de la salud preventiva, sino tambi\u00e9n hacerlo m\u00e1s accesible para nuestros clientes y la comunidad en general. Para lograr este objetivo, hemos planeado cuidadosamente los servicios que ofrecemos, de acuerdo con las cambiantes necesidades de atenci\u00f3n m\u00e9dica. En nuestros servicios, nos aseguramos de que la inteligencia sea el car\u00e1cter definitorio de nuestro enfoque de atenci\u00f3n m\u00e9dica.<\/p>\n<div class=\"serv_list\">\n<ul>\n<li>\n<figure><img decoding=\"async\" src=\"https:\/\/www.preventionpharmacy.com\/wp-content\/themes\/preventionpharmaks242\/images\/thumbnails\/thumb-81272061.jpg\" alt=\"man and woman standing on the pharmacy\" \/><figcaption><a href=\"prevention-pharmacy\">Farmacia de Prevenci\u00f3n<\/a><\/figcaption><\/figure>\n<\/li>\n<li>\n<figure><img decoding=\"async\" src=\"https:\/\/www.preventionpharmacy.com\/wp-content\/themes\/preventionpharmaks242\/images\/thumbnails\/thumb-60723733.jpg\" alt=\"old woman and nurse\" \/><figcaption><a href=\"prevention-clinic\">Cl\u00ednica Preventiva<\/a><\/figcaption><\/figure>\n<\/li>\n<li>\n<figure><img decoding=\"async\" src=\"https:\/\/www.preventionpharmacy.com\/wp-content\/themes\/preventionpharmaks242\/images\/thumbnails\/thumb-211645578.jpg\" alt=\"doctors on the lab\" \/><figcaption><a href=\"prevention-lab\">Ex\u00e1menes preventivos<\/a><\/figcaption><\/figure>\n<\/li>\n<li>\n<figure><img decoding=\"async\" src=\"https:\/\/www.preventionpharmacy.com\/wp-content\/themes\/preventionpharmaks242\/images\/thumbnails\/thumb-51797950.jpg\" alt=\"Pharmacist and her customer\" \/><figcaption><a href=\"erp-therapy\">Terapia ERP<\/a><\/figcaption><\/figure>\n<\/li>\n<\/ul>\n<\/div>\n<p><a href=\"pharmacy-make-a-clinic-appointment\">Comienza ahora<\/a><\/p>\n","protected":false},"excerpt":{"rendered":"<p><span class=\"rt-reading-time\" style=\"display: block;\"><span class=\"rt-label rt-prefix\">Reading Time: <\/span> <span class=\"rt-time\">&lt; 1<\/span> <span class=\"rt-label rt-postfix\">minute<\/span><\/span> Nuestro principal objetivo es no solo avanzar en el cuidado de la salud preventiva, sino tambi\u00e9n hacerlo m\u00e1s accesible para nuestros clientes y la comunidad en general. Para lograr este objetivo, hemos planeado cuidadosamente los servicios que ofrece&#8230;<\/p>\n","protected":false},"author":1,"featured_media":0,"parent":0,"menu_order":0,"comment_status":"closed","ping_status":"closed","template":"","meta":{"footnotes":""},"class_list":["post-11","page","type-page","status-publish","hentry"],"yoast_head":"<!-- This site is optimized with the Yoast SEO plugin v26.9 - https:\/\/yoast.com\/product\/yoast-seo-wordpress\/ -->\n<title>Services | Prevention Pharmacy<\/title>\n<meta name=\"description\" content=\"It is our main objective to not only advance preventive health care but also make it more accessible to our clients and provide services...\" \/>\n<meta name=\"robots\" content=\"index, follow, max-snippet:-1, max-image-preview:large, max-video-preview:-1\" \/>\n<link rel=\"canonical\" href=\"https:\/\/www.preventionpharmacy.com\/pharmacy-services\" \/>\n<meta property=\"og:locale\" content=\"en_US\" \/>\n<meta property=\"og:type\" content=\"article\" \/>\n<meta property=\"og:title\" content=\"Services | Prevention Pharmacy\" \/>\n<meta property=\"og:description\" content=\"It is our main objective to not only advance preventive health care but also make it more accessible to our clients and provide services...\" \/>\n<meta property=\"og:url\" content=\"https:\/\/www.preventionpharmacy.com\/pharmacy-services\" \/>\n<meta property=\"og:site_name\" content=\"Prevention Pharmacy\" \/>\n<meta property=\"article:modified_time\" content=\"2024-03-29T21:58:58+00:00\" \/>\n<meta property=\"og:image\" content=\"http:\/\/[contenturl%20type=templateurl]\/images\/thumbnails\/thumb-81272061.jpg\" \/>\n<meta name=\"twitter:card\" content=\"summary_large_image\" \/>\n<script type=\"application\/ld+json\" class=\"yoast-schema-graph\">{\"@context\":\"https:\/\/schema.org\",\"@graph\":[{\"@type\":\"WebPage\",\"@id\":\"https:\/\/www.preventionpharmacy.com\/pharmacy-services\",\"url\":\"https:\/\/www.preventionpharmacy.com\/pharmacy-services\",\"name\":\"Services | Prevention Pharmacy\",\"isPartOf\":{\"@id\":\"https:\/\/www.preventionpharmacy.com\/#website\"},\"datePublished\":\"2021-07-29T10:50:22+00:00\",\"dateModified\":\"2024-03-29T21:58:58+00:00\",\"description\":\"It is our main objective to not only advance preventive health care but also make it more accessible to our clients and provide services...\",\"breadcrumb\":{\"@id\":\"https:\/\/www.preventionpharmacy.com\/pharmacy-services#breadcrumb\"},\"inLanguage\":\"en-US\",\"potentialAction\":[{\"@type\":\"ReadAction\",\"target\":[\"https:\/\/www.preventionpharmacy.com\/pharmacy-services\"]}]},{\"@type\":\"BreadcrumbList\",\"@id\":\"https:\/\/www.preventionpharmacy.com\/pharmacy-services#breadcrumb\",\"itemListElement\":[{\"@type\":\"ListItem\",\"position\":1,\"name\":\"Home\",\"item\":\"https:\/\/www.preventionpharmacy.com\/\"},{\"@type\":\"ListItem\",\"position\":2,\"name\":\"Services\"}]},{\"@type\":\"WebSite\",\"@id\":\"https:\/\/www.preventionpharmacy.com\/#website\",\"url\":\"https:\/\/www.preventionpharmacy.com\/\",\"name\":\"Prevention Pharmacy\",\"description\":\"Prevention Pharmacy\",\"publisher\":{\"@id\":\"https:\/\/www.preventionpharmacy.com\/#organization\"},\"alternateName\":\"Greenacres Prevention Pharmacy\",\"potentialAction\":[{\"@type\":\"SearchAction\",\"target\":{\"@type\":\"EntryPoint\",\"urlTemplate\":\"https:\/\/www.preventionpharmacy.com\/?s={search_term_string}\"},\"query-input\":{\"@type\":\"PropertyValueSpecification\",\"valueRequired\":true,\"valueName\":\"search_term_string\"}}],\"inLanguage\":\"en-US\"},{\"@type\":\"Organization\",\"@id\":\"https:\/\/www.preventionpharmacy.com\/#organization\",\"name\":\"Prevention Pharmacy\",\"url\":\"https:\/\/www.preventionpharmacy.com\/\",\"logo\":{\"@type\":\"ImageObject\",\"inLanguage\":\"en-US\",\"@id\":\"https:\/\/www.preventionpharmacy.com\/#\/schema\/logo\/image\/\",\"url\":\"https:\/\/www.preventionpharmacy.com\/wp-content\/uploads\/2024\/05\/logo-768x768-1.png\",\"contentUrl\":\"https:\/\/www.preventionpharmacy.com\/wp-content\/uploads\/2024\/05\/logo-768x768-1.png\",\"width\":768,\"height\":768,\"caption\":\"Prevention Pharmacy\"},\"image\":{\"@id\":\"https:\/\/www.preventionpharmacy.com\/#\/schema\/logo\/image\/\"}}]}<\/script>\n<!-- \/ Yoast SEO plugin. -->","yoast_head_json":{"title":"Services | Prevention Pharmacy","description":"It is our main objective to not only advance preventive health care but also make it more accessible to our clients and provide services...","robots":{"index":"index","follow":"follow","max-snippet":"max-snippet:-1","max-image-preview":"max-image-preview:large","max-video-preview":"max-video-preview:-1"},"canonical":"https:\/\/www.preventionpharmacy.com\/pharmacy-services","og_locale":"en_US","og_type":"article","og_title":"Services | Prevention Pharmacy","og_description":"It is our main objective to not only advance preventive health care but also make it more accessible to our clients and provide services...","og_url":"https:\/\/www.preventionpharmacy.com\/pharmacy-services","og_site_name":"Prevention Pharmacy","article_modified_time":"2024-03-29T21:58:58+00:00","og_image":[{"url":"[contenturl type=templateurl]\/images\/thumbnails\/thumb-81272061.jpg","type":"","width":"","height":""}],"twitter_card":"summary_large_image","schema":{"@context":"https:\/\/schema.org","@graph":[{"@type":"WebPage","@id":"https:\/\/www.preventionpharmacy.com\/pharmacy-services","url":"https:\/\/www.preventionpharmacy.com\/pharmacy-services","name":"Services | Prevention Pharmacy","isPartOf":{"@id":"https:\/\/www.preventionpharmacy.com\/#website"},"datePublished":"2021-07-29T10:50:22+00:00","dateModified":"2024-03-29T21:58:58+00:00","description":"It is our main objective to not only advance preventive health care but also make it more accessible to our clients and provide services...","breadcrumb":{"@id":"https:\/\/www.preventionpharmacy.com\/pharmacy-services#breadcrumb"},"inLanguage":"en-US","potentialAction":[{"@type":"ReadAction","target":["https:\/\/www.preventionpharmacy.com\/pharmacy-services"]}]},{"@type":"BreadcrumbList","@id":"https:\/\/www.preventionpharmacy.com\/pharmacy-services#breadcrumb","itemListElement":[{"@type":"ListItem","position":1,"name":"Home","item":"https:\/\/www.preventionpharmacy.com\/"},{"@type":"ListItem","position":2,"name":"Services"}]},{"@type":"WebSite","@id":"https:\/\/www.preventionpharmacy.com\/#website","url":"https:\/\/www.preventionpharmacy.com\/","name":"Prevention Pharmacy","description":"Prevention Pharmacy","publisher":{"@id":"https:\/\/www.preventionpharmacy.com\/#organization"},"alternateName":"Greenacres Prevention Pharmacy","potentialAction":[{"@type":"SearchAction","target":{"@type":"EntryPoint","urlTemplate":"https:\/\/www.preventionpharmacy.com\/?s={search_term_string}"},"query-input":{"@type":"PropertyValueSpecification","valueRequired":true,"valueName":"search_term_string"}}],"inLanguage":"en-US"},{"@type":"Organization","@id":"https:\/\/www.preventionpharmacy.com\/#organization","name":"Prevention Pharmacy","url":"https:\/\/www.preventionpharmacy.com\/","logo":{"@type":"ImageObject","inLanguage":"en-US","@id":"https:\/\/www.preventionpharmacy.com\/#\/schema\/logo\/image\/","url":"https:\/\/www.preventionpharmacy.com\/wp-content\/uploads\/2024\/05\/logo-768x768-1.png","contentUrl":"https:\/\/www.preventionpharmacy.com\/wp-content\/uploads\/2024\/05\/logo-768x768-1.png","width":768,"height":768,"caption":"Prevention Pharmacy"},"image":{"@id":"https:\/\/www.preventionpharmacy.com\/#\/schema\/logo\/image\/"}}]}},"_links":{"self":[{"href":"https:\/\/www.preventionpharmacy.com\/es_ES\/wp-json\/wp\/v2\/pages\/11","targetHints":{"allow":["GET"]}}],"collection":[{"href":"https:\/\/www.preventionpharmacy.com\/es_ES\/wp-json\/wp\/v2\/pages"}],"about":[{"href":"https:\/\/www.preventionpharmacy.com\/es_ES\/wp-json\/wp\/v2\/types\/page"}],"author":[{"embeddable":true,"href":"https:\/\/www.preventionpharmacy.com\/es_ES\/wp-json\/wp\/v2\/users\/1"}],"replies":[{"embeddable":true,"href":"https:\/\/www.preventionpharmacy.com\/es_ES\/wp-json\/wp\/v2\/comments?post=11"}],"version-history":[{"count":6,"href":"https:\/\/www.preventionpharmacy.com\/es_ES\/wp-json\/wp\/v2\/pages\/11\/revisions"}],"predecessor-version":[{"id":1015,"href":"https:\/\/www.preventionpharmacy.com\/es_ES\/wp-json\/wp\/v2\/pages\/11\/revisions\/1015"}],"wp:attachment":[{"href":"https:\/\/www.preventionpharmacy.com\/es_ES\/wp-json\/wp\/v2\/media?parent=11"}],"curies":[{"name":"wp","href":"https:\/\/api.w.org\/{rel}","templated":true}]}}