{"id":10,"date":"2021-07-29T10:50:29","date_gmt":"2021-07-29T10:50:29","guid":{"rendered":"http:\/\/localhost\/preventionpharmaks242\/?page_id=10"},"modified":"2024-05-09T09:43:52","modified_gmt":"2024-05-09T14:43:52","slug":"pharmacy-about-us","status":"publish","type":"page","link":"https:\/\/www.preventionpharmacy.com\/es_ES\/pharmacy-about-us","title":{"rendered":"Acerca de nosotros"},"content":{"rendered":"<span class=\"rt-reading-time\" style=\"display: block;\"><span class=\"rt-label rt-prefix\">Reading Time: <\/span> <span class=\"rt-time\">&lt; 1<\/span> <span class=\"rt-label rt-postfix\">minute<\/span><\/span><p>Acerca de nosotros<\/p>\n<p>Prevention Pharmacy es una empresa orientada a la investigaci\u00f3n que trabaja para mejorar el estado actual de la atenci\u00f3n m\u00e9dica preventiva. Mediante la utilizaci\u00f3n de un enfoque preventivo inteligente en la b\u00fasqueda de formas de innovar en la atenci\u00f3n m\u00e9dica, estamos encontrando maneras de mejorar la calidad de vida de nuestros clientes y nuestra comunidad. Ya hemos contribuido mucho para avanzar en este campo. Sin embargo, reconocemos que a\u00fan queda mucho trabajo por hacer. Por esta raz\u00f3n, seguimos decididos a utilizar nuestro conocimiento para tener un impacto positivo en el mundo de la atenci\u00f3n m\u00e9dica.<\/p>\n<div class=\"miss_con\">\n<section>\n<h4>Misi\u00f3n<\/h4>\n<p>Nuestra misi\u00f3n es estar a la vanguardia de impulsar la inteligencia en prevenci\u00f3n. A trav\u00e9s de nuestro trabajo, planeamos ser creadores de puentes, abriendo camino para la prevenci\u00f3n mediante un enfoque inteligente.<\/p>\n<\/section>\n<section>\n<h4>Visi\u00f3n<\/h4>\n<p>Nuestra visi\u00f3n es crear un mundo donde los avances en pr\u00e1cticas de salud preventiva hagan que la atenci\u00f3n m\u00e9dica sea m\u00e1s f\u00e1cil, asequible y accesible. Al hacerlo, podemos ayudar a las personas a vivir vidas largas y saludables.<\/p>\n<\/section>\n<\/div>\n<p><a href=\"pharmacy-make-a-clinic-appointment\">Empieza ahora<\/a><\/p>\n","protected":false},"excerpt":{"rendered":"<p><span class=\"rt-reading-time\" style=\"display: block;\"><span class=\"rt-label rt-prefix\">Reading Time: <\/span> <span class=\"rt-time\">&lt; 1<\/span> <span class=\"rt-label rt-postfix\">minute<\/span><\/span> Acerca de nosotros<\/p>\n<p>Prevention Pharmacy es una empresa orientada a la investigaci\u00f3n que trabaja para mejorar el estado actual de la atenci\u00f3n m\u00e9dica preventiva. Mediante la utilizaci\u00f3n de un enfoque preventivo inteligente en la b\u00fasqueda de formas de&#8230;<\/p>\n","protected":false},"author":1,"featured_media":85,"parent":0,"menu_order":0,"comment_status":"closed","ping_status":"closed","template":"","meta":{"footnotes":""},"class_list":["post-10","page","type-page","status-publish","has-post-thumbnail","hentry"],"yoast_head":"<!-- This site is optimized with the Yoast SEO plugin v26.9 - https:\/\/yoast.com\/product\/yoast-seo-wordpress\/ -->\n<title>About Us | Prevention Pharmacy<\/title>\n<meta name=\"description\" content=\"We are a research-minded company that works towards improving the current state of preventive healthcare. We are in West Palm Beach, Florida\" \/>\n<meta name=\"robots\" content=\"index, follow, max-snippet:-1, max-image-preview:large, max-video-preview:-1\" \/>\n<link rel=\"canonical\" href=\"https:\/\/www.preventionpharmacy.com\/pharmacy-about-us\" \/>\n<meta property=\"og:locale\" content=\"en_US\" \/>\n<meta property=\"og:type\" content=\"article\" \/>\n<meta property=\"og:title\" content=\"About Us | Prevention Pharmacy\" \/>\n<meta property=\"og:description\" content=\"We are a research-minded company that works towards improving the current state of preventive healthcare. We are in West Palm Beach, Florida\" \/>\n<meta property=\"og:url\" content=\"https:\/\/www.preventionpharmacy.com\/pharmacy-about-us\" \/>\n<meta property=\"og:site_name\" content=\"Prevention Pharmacy\" \/>\n<meta property=\"article:modified_time\" content=\"2024-05-09T14:43:52+00:00\" \/>\n<meta property=\"og:image\" content=\"https:\/\/www.preventionpharmacy.com\/wp-content\/uploads\/2021\/07\/nonhome-89859772.jpg\" \/>\n\t<meta property=\"og:image:width\" content=\"1920\" \/>\n\t<meta property=\"og:image:height\" content=\"500\" \/>\n\t<meta property=\"og:image:type\" content=\"image\/jpeg\" \/>\n<meta name=\"twitter:card\" content=\"summary_large_image\" \/>\n<meta name=\"twitter:label1\" content=\"Est. reading time\" \/>\n\t<meta name=\"twitter:data1\" content=\"1 minute\" \/>\n<script type=\"application\/ld+json\" class=\"yoast-schema-graph\">{\"@context\":\"https:\/\/schema.org\",\"@graph\":[{\"@type\":\"WebPage\",\"@id\":\"https:\/\/www.preventionpharmacy.com\/pharmacy-about-us\",\"url\":\"https:\/\/www.preventionpharmacy.com\/pharmacy-about-us\",\"name\":\"About Us | Prevention Pharmacy\",\"isPartOf\":{\"@id\":\"https:\/\/www.preventionpharmacy.com\/#website\"},\"primaryImageOfPage\":{\"@id\":\"https:\/\/www.preventionpharmacy.com\/pharmacy-about-us#primaryimage\"},\"image\":{\"@id\":\"https:\/\/www.preventionpharmacy.com\/pharmacy-about-us#primaryimage\"},\"thumbnailUrl\":\"https:\/\/www.preventionpharmacy.com\/wp-content\/uploads\/2021\/07\/nonhome-89859772.jpg\",\"datePublished\":\"2021-07-29T10:50:29+00:00\",\"dateModified\":\"2024-05-09T14:43:52+00:00\",\"description\":\"We are a research-minded company that works towards improving the current state of preventive healthcare. We are in West Palm Beach, Florida\",\"breadcrumb\":{\"@id\":\"https:\/\/www.preventionpharmacy.com\/pharmacy-about-us#breadcrumb\"},\"inLanguage\":\"en-US\",\"potentialAction\":[{\"@type\":\"ReadAction\",\"target\":[\"https:\/\/www.preventionpharmacy.com\/pharmacy-about-us\"]}]},{\"@type\":\"ImageObject\",\"inLanguage\":\"en-US\",\"@id\":\"https:\/\/www.preventionpharmacy.com\/pharmacy-about-us#primaryimage\",\"url\":\"https:\/\/www.preventionpharmacy.com\/wp-content\/uploads\/2021\/07\/nonhome-89859772.jpg\",\"contentUrl\":\"https:\/\/www.preventionpharmacy.com\/wp-content\/uploads\/2021\/07\/nonhome-89859772.jpg\",\"width\":1920,\"height\":500,\"caption\":\"pharmacist ready to serve\"},{\"@type\":\"BreadcrumbList\",\"@id\":\"https:\/\/www.preventionpharmacy.com\/pharmacy-about-us#breadcrumb\",\"itemListElement\":[{\"@type\":\"ListItem\",\"position\":1,\"name\":\"Home\",\"item\":\"https:\/\/www.preventionpharmacy.com\/\"},{\"@type\":\"ListItem\",\"position\":2,\"name\":\"About Us\"}]},{\"@type\":\"WebSite\",\"@id\":\"https:\/\/www.preventionpharmacy.com\/#website\",\"url\":\"https:\/\/www.preventionpharmacy.com\/\",\"name\":\"Prevention Pharmacy\",\"description\":\"Prevention Pharmacy\",\"publisher\":{\"@id\":\"https:\/\/www.preventionpharmacy.com\/#organization\"},\"alternateName\":\"Greenacres Prevention Pharmacy\",\"potentialAction\":[{\"@type\":\"SearchAction\",\"target\":{\"@type\":\"EntryPoint\",\"urlTemplate\":\"https:\/\/www.preventionpharmacy.com\/?s={search_term_string}\"},\"query-input\":{\"@type\":\"PropertyValueSpecification\",\"valueRequired\":true,\"valueName\":\"search_term_string\"}}],\"inLanguage\":\"en-US\"},{\"@type\":\"Organization\",\"@id\":\"https:\/\/www.preventionpharmacy.com\/#organization\",\"name\":\"Prevention Pharmacy\",\"url\":\"https:\/\/www.preventionpharmacy.com\/\",\"logo\":{\"@type\":\"ImageObject\",\"inLanguage\":\"en-US\",\"@id\":\"https:\/\/www.preventionpharmacy.com\/#\/schema\/logo\/image\/\",\"url\":\"https:\/\/www.preventionpharmacy.com\/wp-content\/uploads\/2024\/05\/logo-768x768-1.png\",\"contentUrl\":\"https:\/\/www.preventionpharmacy.com\/wp-content\/uploads\/2024\/05\/logo-768x768-1.png\",\"width\":768,\"height\":768,\"caption\":\"Prevention Pharmacy\"},\"image\":{\"@id\":\"https:\/\/www.preventionpharmacy.com\/#\/schema\/logo\/image\/\"}}]}<\/script>\n<!-- \/ Yoast SEO plugin. -->","yoast_head_json":{"title":"About Us | Prevention Pharmacy","description":"We are a research-minded company that works towards improving the current state of preventive healthcare. We are in West Palm Beach, Florida","robots":{"index":"index","follow":"follow","max-snippet":"max-snippet:-1","max-image-preview":"max-image-preview:large","max-video-preview":"max-video-preview:-1"},"canonical":"https:\/\/www.preventionpharmacy.com\/pharmacy-about-us","og_locale":"en_US","og_type":"article","og_title":"About Us | Prevention Pharmacy","og_description":"We are a research-minded company that works towards improving the current state of preventive healthcare. We are in West Palm Beach, Florida","og_url":"https:\/\/www.preventionpharmacy.com\/pharmacy-about-us","og_site_name":"Prevention Pharmacy","article_modified_time":"2024-05-09T14:43:52+00:00","og_image":[{"width":1920,"height":500,"url":"https:\/\/www.preventionpharmacy.com\/wp-content\/uploads\/2021\/07\/nonhome-89859772.jpg","type":"image\/jpeg"}],"twitter_card":"summary_large_image","twitter_misc":{"Est. reading time":"1 minute"},"schema":{"@context":"https:\/\/schema.org","@graph":[{"@type":"WebPage","@id":"https:\/\/www.preventionpharmacy.com\/pharmacy-about-us","url":"https:\/\/www.preventionpharmacy.com\/pharmacy-about-us","name":"About Us | Prevention Pharmacy","isPartOf":{"@id":"https:\/\/www.preventionpharmacy.com\/#website"},"primaryImageOfPage":{"@id":"https:\/\/www.preventionpharmacy.com\/pharmacy-about-us#primaryimage"},"image":{"@id":"https:\/\/www.preventionpharmacy.com\/pharmacy-about-us#primaryimage"},"thumbnailUrl":"https:\/\/www.preventionpharmacy.com\/wp-content\/uploads\/2021\/07\/nonhome-89859772.jpg","datePublished":"2021-07-29T10:50:29+00:00","dateModified":"2024-05-09T14:43:52+00:00","description":"We are a research-minded company that works towards improving the current state of preventive healthcare. We are in West Palm Beach, Florida","breadcrumb":{"@id":"https:\/\/www.preventionpharmacy.com\/pharmacy-about-us#breadcrumb"},"inLanguage":"en-US","potentialAction":[{"@type":"ReadAction","target":["https:\/\/www.preventionpharmacy.com\/pharmacy-about-us"]}]},{"@type":"ImageObject","inLanguage":"en-US","@id":"https:\/\/www.preventionpharmacy.com\/pharmacy-about-us#primaryimage","url":"https:\/\/www.preventionpharmacy.com\/wp-content\/uploads\/2021\/07\/nonhome-89859772.jpg","contentUrl":"https:\/\/www.preventionpharmacy.com\/wp-content\/uploads\/2021\/07\/nonhome-89859772.jpg","width":1920,"height":500,"caption":"pharmacist ready to serve"},{"@type":"BreadcrumbList","@id":"https:\/\/www.preventionpharmacy.com\/pharmacy-about-us#breadcrumb","itemListElement":[{"@type":"ListItem","position":1,"name":"Home","item":"https:\/\/www.preventionpharmacy.com\/"},{"@type":"ListItem","position":2,"name":"About Us"}]},{"@type":"WebSite","@id":"https:\/\/www.preventionpharmacy.com\/#website","url":"https:\/\/www.preventionpharmacy.com\/","name":"Prevention Pharmacy","description":"Prevention Pharmacy","publisher":{"@id":"https:\/\/www.preventionpharmacy.com\/#organization"},"alternateName":"Greenacres Prevention Pharmacy","potentialAction":[{"@type":"SearchAction","target":{"@type":"EntryPoint","urlTemplate":"https:\/\/www.preventionpharmacy.com\/?s={search_term_string}"},"query-input":{"@type":"PropertyValueSpecification","valueRequired":true,"valueName":"search_term_string"}}],"inLanguage":"en-US"},{"@type":"Organization","@id":"https:\/\/www.preventionpharmacy.com\/#organization","name":"Prevention Pharmacy","url":"https:\/\/www.preventionpharmacy.com\/","logo":{"@type":"ImageObject","inLanguage":"en-US","@id":"https:\/\/www.preventionpharmacy.com\/#\/schema\/logo\/image\/","url":"https:\/\/www.preventionpharmacy.com\/wp-content\/uploads\/2024\/05\/logo-768x768-1.png","contentUrl":"https:\/\/www.preventionpharmacy.com\/wp-content\/uploads\/2024\/05\/logo-768x768-1.png","width":768,"height":768,"caption":"Prevention Pharmacy"},"image":{"@id":"https:\/\/www.preventionpharmacy.com\/#\/schema\/logo\/image\/"}}]}},"_links":{"self":[{"href":"https:\/\/www.preventionpharmacy.com\/es_ES\/wp-json\/wp\/v2\/pages\/10","targetHints":{"allow":["GET"]}}],"collection":[{"href":"https:\/\/www.preventionpharmacy.com\/es_ES\/wp-json\/wp\/v2\/pages"}],"about":[{"href":"https:\/\/www.preventionpharmacy.com\/es_ES\/wp-json\/wp\/v2\/types\/page"}],"author":[{"embeddable":true,"href":"https:\/\/www.preventionpharmacy.com\/es_ES\/wp-json\/wp\/v2\/users\/1"}],"replies":[{"embeddable":true,"href":"https:\/\/www.preventionpharmacy.com\/es_ES\/wp-json\/wp\/v2\/comments?post=10"}],"version-history":[{"count":6,"href":"https:\/\/www.preventionpharmacy.com\/es_ES\/wp-json\/wp\/v2\/pages\/10\/revisions"}],"predecessor-version":[{"id":788,"href":"https:\/\/www.preventionpharmacy.com\/es_ES\/wp-json\/wp\/v2\/pages\/10\/revisions\/788"}],"wp:featuredmedia":[{"embeddable":true,"href":"https:\/\/www.preventionpharmacy.com\/es_ES\/wp-json\/wp\/v2\/media\/85"}],"wp:attachment":[{"href":"https:\/\/www.preventionpharmacy.com\/es_ES\/wp-json\/wp\/v2\/media?parent=10"}],"curies":[{"name":"wp","href":"https:\/\/api.w.org\/{rel}","templated":true}]}}